{"id":1649,"date":"2024-07-12T14:20:12","date_gmt":"2024-07-12T12:20:12","guid":{"rendered":"https:\/\/sandrinewillems.com\/?page_id=1649"},"modified":"2024-07-19T15:17:16","modified_gmt":"2024-07-19T13:17:16","slug":"presentation","status":"publish","type":"page","link":"https:\/\/sandrinewillems.com\/?page_id=1649","title":{"rendered":"&#8211; Sandrine WILLEMS &#8211;"},"content":{"rendered":"\n<p><\/p>\n\n\n\n<p><\/p>\n\n\n<div class=\"wp-block-image\">\n<figure class=\"alignright size-full is-resized\"><img decoding=\"async\" loading=\"lazy\" src=\"https:\/\/sandrinewillems.com\/wp-content\/uploads\/2024\/07\/nuefip5iidtxwueze2md.webp\" alt=\"\" class=\"wp-image-1656\" width=\"291\" height=\"437\"\/><\/figure><\/div>\n\n\n<p><strong>PSYCHOLOGUE<\/strong><\/p>\n\n\n\n<p><strong>L&rsquo;accompagnement que je propose se fonde sur un v\u00e9ritable dialogue et une relation th\u00e9rapeutique. Je tente d&rsquo;accueillir la personne dans toute sa complexit\u00e9, et de favoriser ses richesses, sa cr\u00e9ativit\u00e9, ses possibles. Tout en interrogeant les ressources issues de son histoire, je m&rsquo;efforce de faire appara\u00eetre ce que sa situation pr\u00e9sente offre comme pistes nouvelles.<\/strong><\/p>\n\n\n\n<p>En cette approche s\u2019allient :<br>\u2013 certains axes de la psychanalyse, notamment une attention pr\u00eat\u00e9e aux r\u00eaves<br>\u2013 le point de vue de la ph\u00e9nom\u00e9nologie clinique, qui envisage la personne dans la globalit\u00e9 de son rapport au monde<br>\u2013 des apports de ma premi\u00e8re formation en philosophie (doctorat), en ce qu\u2019une th\u00e9rapie engage \u00ab&nbsp;le sens de la vie&nbsp;\u00bb<br>\u2013 trente ann\u00e9es d\u2019\u00e9criture (th\u00e9\u00e2tre, cin\u00e9ma, romans et essais), parce qu\u2019un processus th\u00e9rapeutique est aussi une r\u00e9\u00e9criture de sa propre histoire.<\/p>\n\n\n\n<p>Dans cette optique, le travail vise \u00e0 ce que :<br>\u2013 les probl\u00e8mes ou les crises puissent devenir sources de renouvellement<br>\u2013 chacun tire parti de sa singularit\u00e9 et parvienne \u00e0 la manifester<br>\u2013 on se sente plus vivant.<\/p>\n\n\n\n<div class=\"wp-block-buttons is-layout-flex\">\n<div class=\"wp-block-button\"><a class=\"wp-block-button__link wp-element-button\" href=\"https:\/\/sandrinewillems.com\/?page_id=531\">Acc\u00e8s au site<\/a><\/div>\n<\/div>\n\n\n\n<p><\/p>\n\n\n\n<h2 class=\"wp-block-heading\">informations d&rsquo;acc\u00e8s<\/h2>\n\n\n\n<p>La Closerie de Nevers, appartement 51<br>19 Rue de la Garenne, 34090 Montpellier (1er \u00e9tage avec ascenseur)<br>Tram (ligne 1) : Stade Philippid\u00e8s<\/p>\n\n\n\n<hr class=\"wp-block-separator has-alpha-channel-opacity\"\/>\n\n\n\n<h2 class=\"wp-block-heading\">tarif<\/h2>\n\n\n\n<p>Consultation prise en charge par le dispositif <em>Monsoutienpsy<\/em> 50 \u20ac<\/p>\n","protected":false},"excerpt":{"rendered":"<p>PSYCHOLOGUE L&rsquo;accompagnement que je propose se fonde sur un v\u00e9ritable dialogue et une relation th\u00e9rapeutique. Je tente d&rsquo;accueillir la personne dans toute sa complexit\u00e9, et de favoriser ses richesses, sa cr\u00e9ativit\u00e9, ses possibles. Tout en interrogeant les ressources issues de son histoire, je m&rsquo;efforce de faire appara\u00eetre ce que sa situation pr\u00e9sente offre comme pistes &hellip; <a href=\"https:\/\/sandrinewillems.com\/?page_id=1649\" class=\"more-link\">Continuer la lecture<span class=\"screen-reader-text\"> de &laquo;&nbsp;&#8211; Sandrine WILLEMS &#8211;&nbsp;&raquo;<\/span><\/a><\/p>\n","protected":false},"author":1,"featured_media":0,"parent":0,"menu_order":0,"comment_status":"closed","ping_status":"closed","template":"","meta":[],"_links":{"self":[{"href":"https:\/\/sandrinewillems.com\/index.php?rest_route=\/wp\/v2\/pages\/1649"}],"collection":[{"href":"https:\/\/sandrinewillems.com\/index.php?rest_route=\/wp\/v2\/pages"}],"about":[{"href":"https:\/\/sandrinewillems.com\/index.php?rest_route=\/wp\/v2\/types\/page"}],"author":[{"embeddable":true,"href":"https:\/\/sandrinewillems.com\/index.php?rest_route=\/wp\/v2\/users\/1"}],"replies":[{"embeddable":true,"href":"https:\/\/sandrinewillems.com\/index.php?rest_route=%2Fwp%2Fv2%2Fcomments&post=1649"}],"version-history":[{"count":20,"href":"https:\/\/sandrinewillems.com\/index.php?rest_route=\/wp\/v2\/pages\/1649\/revisions"}],"predecessor-version":[{"id":1681,"href":"https:\/\/sandrinewillems.com\/index.php?rest_route=\/wp\/v2\/pages\/1649\/revisions\/1681"}],"wp:attachment":[{"href":"https:\/\/sandrinewillems.com\/index.php?rest_route=%2Fwp%2Fv2%2Fmedia&parent=1649"}],"curies":[{"name":"wp","href":"https:\/\/api.w.org\/{rel}","templated":true}]}}