{"id":739,"date":"2017-12-10T17:12:43","date_gmt":"2017-12-10T16:12:43","guid":{"rendered":"http:\/\/sandrinewillems.com\/?page_id=739"},"modified":"2023-12-07T15:01:19","modified_gmt":"2023-12-07T14:01:19","slug":"accompagnement-a-lecriture-personnalise","status":"publish","type":"page","link":"http:\/\/sandrinewillems.com\/?page_id=739","title":{"rendered":"Accompagnement \u00e0 l\u2019\u00e9criture"},"content":{"rendered":"<div class=\"wp-block-image wp-image-1312 size-full\">\n<figure class=\"alignleft is-resized\"><img decoding=\"async\" loading=\"lazy\" src=\"http:\/\/sandrinewillems.com\/wp-content\/uploads\/2023\/08\/\u00a9Mf-plissart-89890023.jpg\" alt=\"\" class=\"wp-image-1312\" width=\"262\" height=\"267\" srcset=\"http:\/\/sandrinewillems.com\/wp-content\/uploads\/2023\/08\/\u00a9Mf-plissart-89890023.jpg 392w, http:\/\/sandrinewillems.com\/wp-content\/uploads\/2023\/08\/\u00a9Mf-plissart-89890023-294x300.jpg 294w\" sizes=\"(max-width: 262px) 85vw, 262px\" \/><figcaption class=\"wp-element-caption\"><sub><sup>\u00a9MF Plissart<\/sup><\/sub><\/figcaption><\/figure><\/div>\n\n\n<p><br><strong><strong>S\u00e9ances de travail individuelles,<\/strong><\/strong><br><strong><strong>pour vous aider \u00e0 :<\/strong><\/strong><br><strong><br><\/strong>&#8211; clarifier votre projet<br>&#8211; le structurer<br>&#8211; l\u2019\u00e9laguer jusqu\u2019au plus essentiel<br>&#8211; affiner votre \u00e9criture<br>&#8211; trouver votre style le plus singulier<br><br><br><\/p>\n\n\n\n<p><\/p>\n\n\n\n<p class=\"has-text-align-left\"><a href=\"http:\/\/sandrinewillems.com\/?page_id=1285\" data-type=\"page\" data-id=\"1285\"> <\/a><a href=\"http:\/\/sandrinewillems.com\/?page_id=1285\"><strong><strong>&nbsp;&nbsp;&nbsp;&nbsp;&nbsp;&nbsp;&nbsp;&nbsp;&nbsp;&nbsp;&nbsp;&nbsp;&nbsp;&nbsp;&nbsp;&nbsp;&nbsp;&nbsp;&nbsp;&nbsp;&nbsp;&nbsp;&nbsp;&nbsp;&nbsp;&nbsp;&nbsp;&nbsp;&nbsp;&nbsp;&nbsp;&nbsp;&nbsp;&nbsp;&nbsp;&nbsp;R\u00e9cit d\u2019un accompagnement \u00e0 l\u2019\u00e9criture autobiographique<\/strong><\/strong><\/a><br>                                     <a href=\"http:\/\/sandrinewillems.com\/?page_id=1290\" data-type=\"page\" data-id=\"1290\"> <\/a><a href=\"http:\/\/sandrinewillems.com\/?page_id=1290\"><strong>&nbsp;&nbsp;&nbsp;&nbsp;&nbsp;&nbsp;&nbsp;&nbsp;&nbsp;&nbsp;&nbsp;&nbsp;&nbsp;&nbsp;&nbsp;&nbsp;&nbsp;&nbsp;&nbsp;&nbsp;&nbsp;&nbsp;&nbsp;&nbsp;&nbsp;&nbsp;&nbsp;&nbsp;&nbsp;&nbsp;&nbsp;&nbsp;&nbsp;&nbsp;&nbsp;&nbsp;Narrateurs et voix comme supports de l\u2019\u00e9criture, dans ma propre exp\u00e9rience<\/strong><\/a><br>                                     <a href=\"http:\/\/sandrinewillems.com\/?page_id=1364\" data-type=\"page\" data-id=\"1364\"> <\/a><strong><a href=\"http:\/\/sandrinewillems.com\/?page_id=1364\" data-type=\"page\" data-id=\"1364\">&nbsp;&nbsp;&nbsp;&nbsp;&nbsp;&nbsp;&nbsp;&nbsp;&nbsp;&nbsp;&nbsp;&nbsp;&nbsp;&nbsp;&nbsp;&nbsp;&nbsp;&nbsp;&nbsp;&nbsp;&nbsp;&nbsp;&nbsp;&nbsp;&nbsp;&nbsp;&nbsp;&nbsp;&nbsp;&nbsp;&nbsp;&nbsp;&nbsp;&nbsp;&nbsp;&nbsp;Ecriture et psychoth\u00e9rapie avec des personnes souffrant d\u2019addictions<\/a><\/strong><\/p>\n\n\n\n<p><br>Des mots comme le r\u00e9v\u00e9lateur, au sens photographique, de la r\u00e9alit\u00e9<br>&nbsp;&nbsp;&nbsp;&nbsp;Ecrire pour accomplir ce que la vie n\u2019a fait qu\u2019esquisser<br>&nbsp;&nbsp;&nbsp;&nbsp;&nbsp;&nbsp;&nbsp;&nbsp;Ecrire comme on \u00e9lague, comme on ouvre une clairi\u00e8re<br><br><br><\/p>\n\n\n\n<p><\/p>\n\n\n\n<p><\/p>\n\n\n\n<p><\/p>\n\n\n\n<p><\/p>\n\n\n\n<p class=\"has-text-align-center\"><a href=\"http:\/\/sandrinewillems.com\">Retour<\/a><\/p>\n","protected":false},"excerpt":{"rendered":"<p>S\u00e9ances de travail individuelles,pour vous aider \u00e0 :&#8211; clarifier votre projet&#8211; le structurer&#8211; l\u2019\u00e9laguer jusqu\u2019au plus essentiel&#8211; affiner votre \u00e9criture&#8211; trouver votre style le plus singulier &nbsp;&nbsp;&nbsp;&nbsp;&nbsp;&nbsp;&nbsp;&nbsp;&nbsp;&nbsp;&nbsp;&nbsp;&nbsp;&nbsp;&nbsp;&nbsp;&nbsp;&nbsp;&nbsp;&nbsp;&nbsp;&nbsp;&nbsp;&nbsp;&nbsp;&nbsp;&nbsp;&nbsp;&nbsp;&nbsp;&nbsp;&nbsp;&nbsp;&nbsp;&nbsp;&nbsp;R\u00e9cit d\u2019un accompagnement \u00e0 l\u2019\u00e9criture autobiographique &nbsp;&nbsp;&nbsp;&nbsp;&nbsp;&nbsp;&nbsp;&nbsp;&nbsp;&nbsp;&nbsp;&nbsp;&nbsp;&nbsp;&nbsp;&nbsp;&nbsp;&nbsp;&nbsp;&nbsp;&nbsp;&nbsp;&nbsp;&nbsp;&nbsp;&nbsp;&nbsp;&nbsp;&nbsp;&nbsp;&nbsp;&nbsp;&nbsp;&nbsp;&nbsp;&nbsp;Narrateurs et voix comme supports de l\u2019\u00e9criture, dans ma propre exp\u00e9rience &nbsp;&nbsp;&nbsp;&nbsp;&nbsp;&nbsp;&nbsp;&nbsp;&nbsp;&nbsp;&nbsp;&nbsp;&nbsp;&nbsp;&nbsp;&nbsp;&nbsp;&nbsp;&nbsp;&nbsp;&nbsp;&nbsp;&nbsp;&nbsp;&nbsp;&nbsp;&nbsp;&nbsp;&nbsp;&nbsp;&nbsp;&nbsp;&nbsp;&nbsp;&nbsp;&nbsp;Ecriture et psychoth\u00e9rapie avec des personnes souffrant d\u2019addictions Des mots comme le &hellip; <a href=\"http:\/\/sandrinewillems.com\/?page_id=739\" class=\"more-link\">Continuer la lecture<span class=\"screen-reader-text\"> de &laquo;&nbsp;Accompagnement \u00e0 l\u2019\u00e9criture&nbsp;&raquo;<\/span><\/a><\/p>\n","protected":false},"author":1,"featured_media":0,"parent":0,"menu_order":0,"comment_status":"closed","ping_status":"closed","template":"","meta":[],"_links":{"self":[{"href":"http:\/\/sandrinewillems.com\/index.php?rest_route=\/wp\/v2\/pages\/739"}],"collection":[{"href":"http:\/\/sandrinewillems.com\/index.php?rest_route=\/wp\/v2\/pages"}],"about":[{"href":"http:\/\/sandrinewillems.com\/index.php?rest_route=\/wp\/v2\/types\/page"}],"author":[{"embeddable":true,"href":"http:\/\/sandrinewillems.com\/index.php?rest_route=\/wp\/v2\/users\/1"}],"replies":[{"embeddable":true,"href":"http:\/\/sandrinewillems.com\/index.php?rest_route=%2Fwp%2Fv2%2Fcomments&post=739"}],"version-history":[{"count":40,"href":"http:\/\/sandrinewillems.com\/index.php?rest_route=\/wp\/v2\/pages\/739\/revisions"}],"predecessor-version":[{"id":1636,"href":"http:\/\/sandrinewillems.com\/index.php?rest_route=\/wp\/v2\/pages\/739\/revisions\/1636"}],"wp:attachment":[{"href":"http:\/\/sandrinewillems.com\/index.php?rest_route=%2Fwp%2Fv2%2Fmedia&parent=739"}],"curies":[{"name":"wp","href":"https:\/\/api.w.org\/{rel}","templated":true}]}}