{"id":383,"date":"2017-05-30T17:31:08","date_gmt":"2017-05-30T15:31:08","guid":{"rendered":"http:\/\/sandrinewillems.com\/?page_id=383"},"modified":"2024-05-29T09:36:25","modified_gmt":"2024-05-29T07:36:25","slug":"new-biographie","status":"publish","type":"page","link":"http:\/\/sandrinewillems.com\/?page_id=383","title":{"rendered":"Parcours artistique"},"content":{"rendered":"<h5><strong>Sandrine Willems<\/strong><\/h5>\n<figure id=\"attachment_553\" aria-describedby=\"caption-attachment-553\" style=\"width: 336px\" class=\"wp-caption alignleft\"><img decoding=\"async\" loading=\"lazy\" class=\"wp-image-553\" src=\"http:\/\/sandrinewillems.com\/wp-content\/uploads\/2017\/05\/portrait-sw2_resize-300x200.jpg\" alt=\"Sandrine Willems\" width=\"336\" height=\"224\" srcset=\"http:\/\/sandrinewillems.com\/wp-content\/uploads\/2017\/05\/portrait-sw2_resize-300x200.jpg 300w, http:\/\/sandrinewillems.com\/wp-content\/uploads\/2017\/05\/portrait-sw2_resize-768x513.jpg 768w, http:\/\/sandrinewillems.com\/wp-content\/uploads\/2017\/05\/portrait-sw2_resize-700x467.jpg 700w, http:\/\/sandrinewillems.com\/wp-content\/uploads\/2017\/05\/portrait-sw2_resize.jpg 821w\" sizes=\"(max-width: 336px) 85vw, 336px\" \/><figcaption id=\"caption-attachment-553\" class=\"wp-caption-text\">\u00a9 Marie-Fran\u00e7oise Plissart<\/figcaption><\/figure>\n<p style=\"text-align: justify;\">N\u00e9e \u00e0 Bruxelles en 1968, tr\u00e8s jeune j&rsquo;ai interpr\u00e9t\u00e9 diff\u00e9rents r\u00f4les au th\u00e9\u00e2tre et au cin\u00e9ma, puis entrepris des \u00e9tudes de philosophie, qui se sont achev\u00e9es par un doctorat sur Georges Bataille. Je suis alors revenue au th\u00e9\u00e2tre par la mise en sc\u00e8ne, \u00e0 Strasbourg, puis j&rsquo;ai r\u00e9alis\u00e9 pour le cin\u00e9ma et la t\u00e9l\u00e9vision plusieurs <a href=\"http:\/\/sandrinewillems.com\/?page_id=206\">courts et moyens m\u00e9trages<\/a>, ainsi que des <a href=\"http:\/\/sandrinewillems.com\/?page_id=204\">documentaires<\/a> (notamment pour Arte).<\/p>\n<p style=\"text-align: justify;\">L\u2019\u00e9criture de sc\u00e9narios m&rsquo;a conduite \u00e0 la litt\u00e9rature. Venue de l\u2019oralit\u00e9, mon \u00e9criture en a gard\u00e9 une dimension tr\u00e8s sonore. Et dans mes romans et r\u00e9cits, portant sur des personnages mythiques, historiques, ou ma propre vie, la question biographique est rest\u00e9e centrale.<\/p>\n<p style=\"text-align: justify;\">D\u2019une rencontre transformante avec un chien est n\u00e9e une interrogation sur les relations aux animaux, en particulier dans ce qu\u2019elles peuvent avoir de \u00ab th\u00e9rapeutique \u00bb. Ceci m&rsquo;a men\u00e9e \u00e0 devenir psychologue, \u00e0 Nice, et \u00e0 traiter ce sujet dans un essai, <em>L\u2019animal \u00e0 l\u2019\u00e2me<\/em>\u00a0(publi\u00e9 au Seuil en 2011).<\/p>\n<p style=\"text-align: justify;\">Mon int\u00e9r\u00eat s\u2019est \u00e9tendu \u00e0 nos relations avec le non-humain au sens le plus large \u2013 jusqu&rsquo;\u00e0 la reliance \u00e0 ce qui nous porte et nous d\u00e9passe. Depuis une dizaine d&rsquo;ann\u00e9es, la d\u00e9couverte progressive de pens\u00e9es et spiritualit\u00e9s orientales, de l&rsquo;Inde au Japon, me questionne sur ce qui peut en \u00eatre assimil\u00e9 dans nos existences d&rsquo;Occidentaux (ce que j&rsquo;ai notamment abord\u00e9 dans mon essai centr\u00e9 sur l&rsquo;Inde ancienne <em>La Parole comme voie spirituelle<\/em>, publi\u00e9 au Seuil en 2023).<\/p>\n<p style=\"text-align: center;\"><a href=\"http:\/\/sandrinewillems.com\"><strong>retour<\/strong><\/a><\/p>\n<p style=\"text-align: justify;\">\n","protected":false},"excerpt":{"rendered":"<p>Sandrine Willems N\u00e9e \u00e0 Bruxelles en 1968, tr\u00e8s jeune j&rsquo;ai interpr\u00e9t\u00e9 diff\u00e9rents r\u00f4les au th\u00e9\u00e2tre et au cin\u00e9ma, puis entrepris des \u00e9tudes de philosophie, qui se sont achev\u00e9es par un doctorat sur Georges Bataille. Je suis alors revenue au th\u00e9\u00e2tre par la mise en sc\u00e8ne, \u00e0 Strasbourg, puis j&rsquo;ai r\u00e9alis\u00e9 pour le cin\u00e9ma et la &hellip; <a href=\"http:\/\/sandrinewillems.com\/?page_id=383\" class=\"more-link\">Continuer la lecture<span class=\"screen-reader-text\"> de &laquo;&nbsp;Parcours artistique&nbsp;&raquo;<\/span><\/a><\/p>\n","protected":false},"author":1,"featured_media":0,"parent":0,"menu_order":0,"comment_status":"closed","ping_status":"closed","template":"","meta":[],"_links":{"self":[{"href":"http:\/\/sandrinewillems.com\/index.php?rest_route=\/wp\/v2\/pages\/383"}],"collection":[{"href":"http:\/\/sandrinewillems.com\/index.php?rest_route=\/wp\/v2\/pages"}],"about":[{"href":"http:\/\/sandrinewillems.com\/index.php?rest_route=\/wp\/v2\/types\/page"}],"author":[{"embeddable":true,"href":"http:\/\/sandrinewillems.com\/index.php?rest_route=\/wp\/v2\/users\/1"}],"replies":[{"embeddable":true,"href":"http:\/\/sandrinewillems.com\/index.php?rest_route=%2Fwp%2Fv2%2Fcomments&post=383"}],"version-history":[{"count":46,"href":"http:\/\/sandrinewillems.com\/index.php?rest_route=\/wp\/v2\/pages\/383\/revisions"}],"predecessor-version":[{"id":1647,"href":"http:\/\/sandrinewillems.com\/index.php?rest_route=\/wp\/v2\/pages\/383\/revisions\/1647"}],"wp:attachment":[{"href":"http:\/\/sandrinewillems.com\/index.php?rest_route=%2Fwp%2Fv2%2Fmedia&parent=383"}],"curies":[{"name":"wp","href":"https:\/\/api.w.org\/{rel}","templated":true}]}}