{"id":33,"date":"2016-07-17T15:54:24","date_gmt":"2016-07-17T13:54:24","guid":{"rendered":"http:\/\/sandrinewillems.com\/?page_id=33"},"modified":"2023-10-03T15:00:26","modified_gmt":"2023-10-03T13:00:26","slug":"a-l-espere","status":"publish","type":"page","link":"http:\/\/sandrinewillems.com\/?page_id=33","title":{"rendered":"A l\u2019esp\u00e8re"},"content":{"rendered":"<p><img decoding=\"async\" loading=\"lazy\" class=\"aligncenter wp-image-35 size-full\" title=\"A l'esp\u00e8re\" src=\"http:\/\/sandrinewillems.com\/wp-content\/uploads\/2016\/07\/couverture-a-l-espere1.jpg\" alt=\"couverture-a-l-espere\" width=\"425\" height=\"600\" srcset=\"http:\/\/sandrinewillems.com\/wp-content\/uploads\/2016\/07\/couverture-a-l-espere1.jpg 425w, http:\/\/sandrinewillems.com\/wp-content\/uploads\/2016\/07\/couverture-a-l-espere1-213x300.jpg 213w\" sizes=\"(max-width: 425px) 85vw, 425px\" \/><\/p>\n<p>Dans une \u00e2pre garrigue du fond des \u00e2ges, une passion se noue entre une sauvage un peu sorci\u00e8re qui soigne jusqu\u2019aux arbres, et un d\u00e9sesp\u00e9r\u00e9 qui tue des b\u00eates comme pour se soulager de lui-m\u00eame. Ne sachant se trouver ils se traquent l\u2019un l\u2019autre, se d\u00e9chirent, de d\u00e9truisent. Nul ne peut les retenir d\u2019aller au bout de ce destin qu\u2019ils semblent avoir choisi, et le chasseur finit par tirer sur celle qui se fit sa proie. Mais l\u00e0 o\u00f9 tombent les morts repoussent les plantes, et l\u2019ordre de la nature reprend le pas sur le chaos des hommes.<\/p>\n<p>Par la simplicit\u00e9 de son trac\u00e9 implacable, comme par sa langue ample et grave, ce r\u00e9cit se d\u00e9ploie sous le sceau de la trag\u00e9die.<\/p>\n<hr \/>\n<p style=\"text-align: center;\"><a href=\"http:\/\/sandrinewillems.com\/?page_id=1213\"><strong>Lire un extrait<\/strong><\/a><\/p>\n<hr \/>\n<p><strong>Presse :<\/strong><\/p>\n<p><em>\u00ab\u00a0A l\u2019esp\u00e8re<\/em>\u00a0est une ode \u00e0 la nature vierge, sauvage, o\u00f9 l\u2019harmonie r\u00e8gne car l\u2019homme s\u2019y fond comme un animal (\u2026). L\u2019histoire d\u2019une passion palpable, magnifiquement \u00e9crite, au milieu des oliviers, entre p\u00e9piement des oiseaux et bourdonnements des abeilles.\u00a0\u00bb<br \/>\nCamille Perrotti,\u00a0<em>La Libre Belgique<\/em>, 4 avril 2008<\/p>\n<p>\u00ab\u00a0C\u2019est une fresque profond\u00e9ment terrienne que Sandrine Willems d\u00e9roule, mariant aux paragraphes sur les plantes et les animaux les envol\u00e9es de la trag\u00e9die qu\u2019elle ourdit entre ses personnages. La conjonction m\u00e9lodieuse des petits violons et des grandes orgues.\u00a0\u00bb<br \/>\nJacques De Decker,\u00a0<em>Le Soir<\/em>, 18 janvier 2008<\/p>\n<p><em>\u00ab\u00a0A l\u2019esp\u00e8re<\/em>, le nouveau roman de Sandrine Willems, pose une question on ne peut plus simple\u00a0: qu\u2019est-ce qu\u2019un roman moderne, aujourd\u2019hui\u00a0? Ce texte \u2013 beau, \u00e2pre, exigeant, et pour toutes ces raisons condamn\u00e9 \u00e0 un public qu\u2019on doit craindre exigu \u2013 m\u00e9lange en effet, et non sans provocation, deux strat\u00e9gies qu\u2019on pourrait juger incompatibles\u00a0: en apparence, une \u00e9criture coup\u00e9e du monde contemporain\u00a0; en profondeur, une \u00e9criture de recherche, ou plus exactement peut-\u00eatre, une recherche d\u2019\u00e9criture pleinement, enti\u00e8rement moderne.\u00a0\u00bb<br \/>\nJan Baetens,\u00a0<em>Europe<\/em>, mai 2008<\/p>\n<p style=\"text-align: center;\"><a href=\"http:\/\/sandrinewillems.com\/?page_id=412\"><strong>Retour<\/strong><\/a><\/p>\n","protected":false},"excerpt":{"rendered":"<p>Dans une \u00e2pre garrigue du fond des \u00e2ges, une passion se noue entre une sauvage un peu sorci\u00e8re qui soigne jusqu\u2019aux arbres, et un d\u00e9sesp\u00e9r\u00e9 qui tue des b\u00eates comme pour se soulager de lui-m\u00eame. Ne sachant se trouver ils se traquent l\u2019un l\u2019autre, se d\u00e9chirent, de d\u00e9truisent. Nul ne peut les retenir d\u2019aller au &hellip; <a href=\"http:\/\/sandrinewillems.com\/?page_id=33\" class=\"more-link\">Continuer la lecture<span class=\"screen-reader-text\"> de &laquo;&nbsp;A l\u2019esp\u00e8re&nbsp;&raquo;<\/span><\/a><\/p>\n","protected":false},"author":1,"featured_media":0,"parent":171,"menu_order":0,"comment_status":"closed","ping_status":"closed","template":"","meta":[],"_links":{"self":[{"href":"http:\/\/sandrinewillems.com\/index.php?rest_route=\/wp\/v2\/pages\/33"}],"collection":[{"href":"http:\/\/sandrinewillems.com\/index.php?rest_route=\/wp\/v2\/pages"}],"about":[{"href":"http:\/\/sandrinewillems.com\/index.php?rest_route=\/wp\/v2\/types\/page"}],"author":[{"embeddable":true,"href":"http:\/\/sandrinewillems.com\/index.php?rest_route=\/wp\/v2\/users\/1"}],"replies":[{"embeddable":true,"href":"http:\/\/sandrinewillems.com\/index.php?rest_route=%2Fwp%2Fv2%2Fcomments&post=33"}],"version-history":[{"count":10,"href":"http:\/\/sandrinewillems.com\/index.php?rest_route=\/wp\/v2\/pages\/33\/revisions"}],"predecessor-version":[{"id":1434,"href":"http:\/\/sandrinewillems.com\/index.php?rest_route=\/wp\/v2\/pages\/33\/revisions\/1434"}],"up":[{"embeddable":true,"href":"http:\/\/sandrinewillems.com\/index.php?rest_route=\/wp\/v2\/pages\/171"}],"wp:attachment":[{"href":"http:\/\/sandrinewillems.com\/index.php?rest_route=%2Fwp%2Fv2%2Fmedia&parent=33"}],"curies":[{"name":"wp","href":"https:\/\/api.w.org\/{rel}","templated":true}]}}