{"id":27,"date":"2016-07-17T15:40:53","date_gmt":"2016-07-17T13:40:53","guid":{"rendered":"http:\/\/sandrinewillems.com\/?page_id=27"},"modified":"2023-07-27T14:58:15","modified_gmt":"2023-07-27T12:58:15","slug":"le-sourire-de-berenice","status":"publish","type":"page","link":"http:\/\/sandrinewillems.com\/?page_id=27","title":{"rendered":"Le sourire de B\u00e9r\u00e9nice"},"content":{"rendered":"<p><strong><img decoding=\"async\" loading=\"lazy\" class=\"aligncenter wp-image-28 size-full\" title=\"Le sourire de B\u00e9r\u00e9nice\" src=\"http:\/\/sandrinewillems.com\/wp-content\/uploads\/2016\/07\/couverture-sourire-berenice1.jpg\" alt=\"Le sourire de B\u00e9r\u00e9nice\" width=\"381\" height=\"600\" srcset=\"http:\/\/sandrinewillems.com\/wp-content\/uploads\/2016\/07\/couverture-sourire-berenice1.jpg 381w, http:\/\/sandrinewillems.com\/wp-content\/uploads\/2016\/07\/couverture-sourire-berenice1-191x300.jpg 191w\" sizes=\"(max-width: 381px) 85vw, 381px\" \/><\/strong><\/p>\n<p>En l\u2019histoire de celle qui inspira Racine, la r\u00e9alit\u00e9 exc\u00e8de la fiction\u00a0: descendante de ces H\u00e9rodes\u00a0qu\u2019\u00e9voquent les \u00c9vangiles, \u00e9pouse de son oncle et ma\u00eetresse de son fr\u00e8re, puis du Romain qui saccagea J\u00e9rusalem, cette princesse juive fut d\u2019embl\u00e9e objet de scandale. De treize ans plus \u00e2g\u00e9e que son amant Titus, voyageant avec lui des mythes de l\u2019\u00c9gypte aux fastes de Pomp\u00e9i, emmen\u00e9e \u00e0 Rome pour y \u00eatre \u00e9pous\u00e9e, puis r\u00e9pudi\u00e9e sous les pressions de ses ennemis, B\u00e9r\u00e9nice, apr\u00e8s plusieurs ann\u00e9es de pleurs, revint \u00e0 Titus, lorsque celui\u2011ci devint empereur \u2013 et il ne daigna pas seulement la recevoir. D\u2019elle on ne sait alors plus rien, sinon qu\u2019elle mourut juste apr\u00e8s cette trahison, l\u2019ann\u00e9e m\u00eame o\u00f9 le V\u00e9suve entra en \u00e9ruption \u2013 pour la venger, peut\u2011\u00eatre, ou la tuer.<\/p>\n<p>Mais sur les cendres de la grande Histoire, s\u2019\u00e9l\u00e8ve ici le chant d\u2019un petit scribe \u00e9gyptien, restituant les souffrances et les joies de la princesse qu\u2019il aima.<\/p>\n<hr \/>\n<p style=\"text-align: center;\"><a href=\"http:\/\/sandrinewillems.com\/?page_id=1203\"><strong>Lire un extrait<\/strong><em><br \/>\n<\/em><\/a><\/p>\n<hr \/>\n<p><strong>Presse :<\/strong><\/p>\n<p>\u00ab\u00a0Les livres de Sandrine Willems sont toujours empreints d\u2019une atmosph\u00e8re atemporelle et intime. Ce sont des dialogues nou\u00e9s avec des \u00eatres d\u2019\u00e9lection, qu\u2019ils soient hommes, b\u00eates ou dieux.\u00a0<em>Le Sourire de B\u00e9r\u00e9nice<\/em>\u00a0rapporte la vie de la princesse juive qui inspira Racine : la m\u00e9moire n\u2019a retenu que l\u2019argument d\u2019une trag\u00e9die exemplaire. Sandrine Willems a choisi d\u2019en embrasser le destin, l\u2019imagination et l\u2019intuition venant combler po\u00e9tiquement les lacunes de l\u2019Histoire. \u00a0(\u2026)\u00a0<em>Le Sourire de B\u00e9r\u00e9nice<\/em>\u00a0a la gr\u00e2ce et le charme des fresques antiques.\u00a0\u00bb<\/p>\n<p>Jean-Didier Wagneur \u2013\u00a0<em>Lib\u00e9ration<\/em>\u00a0\u2013 1<sup>er<\/sup>\u00a0juillet 2004<\/p>\n<p style=\"text-align: center;\"><a href=\"http:\/\/sandrinewillems.com\/?page_id=412\"><strong>Retour<\/strong><\/a><\/p>\n","protected":false},"excerpt":{"rendered":"<p>En l\u2019histoire de celle qui inspira Racine, la r\u00e9alit\u00e9 exc\u00e8de la fiction\u00a0: descendante de ces H\u00e9rodes\u00a0qu\u2019\u00e9voquent les \u00c9vangiles, \u00e9pouse de son oncle et ma\u00eetresse de son fr\u00e8re, puis du Romain qui saccagea J\u00e9rusalem, cette princesse juive fut d\u2019embl\u00e9e objet de scandale. De treize ans plus \u00e2g\u00e9e que son amant Titus, voyageant avec lui des mythes &hellip; <a href=\"http:\/\/sandrinewillems.com\/?page_id=27\" class=\"more-link\">Continuer la lecture<span class=\"screen-reader-text\"> de &laquo;&nbsp;Le sourire de B\u00e9r\u00e9nice&nbsp;&raquo;<\/span><\/a><\/p>\n","protected":false},"author":1,"featured_media":0,"parent":171,"menu_order":0,"comment_status":"closed","ping_status":"closed","template":"","meta":[],"_links":{"self":[{"href":"http:\/\/sandrinewillems.com\/index.php?rest_route=\/wp\/v2\/pages\/27"}],"collection":[{"href":"http:\/\/sandrinewillems.com\/index.php?rest_route=\/wp\/v2\/pages"}],"about":[{"href":"http:\/\/sandrinewillems.com\/index.php?rest_route=\/wp\/v2\/types\/page"}],"author":[{"embeddable":true,"href":"http:\/\/sandrinewillems.com\/index.php?rest_route=\/wp\/v2\/users\/1"}],"replies":[{"embeddable":true,"href":"http:\/\/sandrinewillems.com\/index.php?rest_route=%2Fwp%2Fv2%2Fcomments&post=27"}],"version-history":[{"count":9,"href":"http:\/\/sandrinewillems.com\/index.php?rest_route=\/wp\/v2\/pages\/27\/revisions"}],"predecessor-version":[{"id":1207,"href":"http:\/\/sandrinewillems.com\/index.php?rest_route=\/wp\/v2\/pages\/27\/revisions\/1207"}],"up":[{"embeddable":true,"href":"http:\/\/sandrinewillems.com\/index.php?rest_route=\/wp\/v2\/pages\/171"}],"wp:attachment":[{"href":"http:\/\/sandrinewillems.com\/index.php?rest_route=%2Fwp%2Fv2%2Fmedia&parent=27"}],"curies":[{"name":"wp","href":"https:\/\/api.w.org\/{rel}","templated":true}]}}