{"id":206,"date":"2016-07-23T14:40:08","date_gmt":"2016-07-23T12:40:08","guid":{"rendered":"http:\/\/sandrinewillems.com\/?page_id=206"},"modified":"2017-06-06T11:04:38","modified_gmt":"2017-06-06T09:04:38","slug":"realisation-de-films-de-fiction","status":"publish","type":"page","link":"http:\/\/sandrinewillems.com\/?page_id=206","title":{"rendered":"R\u00e9alisation de films de fiction"},"content":{"rendered":"<ul style=\"list-style-type: none;\">\n<li><strong><em>La Com\u00e9die qui pleure<\/em><\/strong>, 1995, court m\u00e9trage<\/li>\n<li><strong><em>La Tendresse sur pattes<\/em><\/strong>, 1997, court m\u00e9trage ; prix du meilleur court m\u00e9trage belge au festival de Gand<\/li>\n<li><strong><em>Si j\u2019avais dix mots pour te parler d\u2019elle<\/em><\/strong>, 1999, \u201cclip\u201d r\u00e9alis\u00e9 pour les dix ans de Canal + Belgique<\/li>\n<li><strong><em>Les R\u00eaveurs<\/em><\/strong>, 2000, vid\u00e9o de 60 min<\/li>\n<\/ul>\n<p><iframe loading=\"lazy\" src=\"https:\/\/www.youtube.com\/embed\/gUt46gKIjEg\" width=\"560\" height=\"315\" frameborder=\"0\" allowfullscreen=\"allowfullscreen\"><\/iframe><\/p>\n<p><iframe loading=\"lazy\" src=\"https:\/\/www.youtube.com\/embed\/ftWLKkMp4MI\" width=\"560\" height=\"315\" frameborder=\"0\" allowfullscreen=\"allowfullscreen\"><\/iframe><\/p>\n<p><iframe loading=\"lazy\" src=\"https:\/\/www.youtube.com\/embed\/Quqt73imOeU\" width=\"560\" height=\"315\" frameborder=\"0\" allowfullscreen=\"allowfullscreen\"><\/iframe><\/p>\n","protected":false},"excerpt":{"rendered":"<p>La Com\u00e9die qui pleure, 1995, court m\u00e9trage La Tendresse sur pattes, 1997, court m\u00e9trage ; prix du meilleur court m\u00e9trage belge au festival de Gand Si j\u2019avais dix mots pour te parler d\u2019elle, 1999, \u201cclip\u201d r\u00e9alis\u00e9 pour les dix ans de Canal + Belgique Les R\u00eaveurs, 2000, vid\u00e9o de 60 min<\/p>\n","protected":false},"author":1,"featured_media":0,"parent":2,"menu_order":0,"comment_status":"closed","ping_status":"closed","template":"","meta":[],"_links":{"self":[{"href":"http:\/\/sandrinewillems.com\/index.php?rest_route=\/wp\/v2\/pages\/206"}],"collection":[{"href":"http:\/\/sandrinewillems.com\/index.php?rest_route=\/wp\/v2\/pages"}],"about":[{"href":"http:\/\/sandrinewillems.com\/index.php?rest_route=\/wp\/v2\/types\/page"}],"author":[{"embeddable":true,"href":"http:\/\/sandrinewillems.com\/index.php?rest_route=\/wp\/v2\/users\/1"}],"replies":[{"embeddable":true,"href":"http:\/\/sandrinewillems.com\/index.php?rest_route=%2Fwp%2Fv2%2Fcomments&post=206"}],"version-history":[{"count":5,"href":"http:\/\/sandrinewillems.com\/index.php?rest_route=\/wp\/v2\/pages\/206\/revisions"}],"predecessor-version":[{"id":490,"href":"http:\/\/sandrinewillems.com\/index.php?rest_route=\/wp\/v2\/pages\/206\/revisions\/490"}],"up":[{"embeddable":true,"href":"http:\/\/sandrinewillems.com\/index.php?rest_route=\/wp\/v2\/pages\/2"}],"wp:attachment":[{"href":"http:\/\/sandrinewillems.com\/index.php?rest_route=%2Fwp%2Fv2%2Fmedia&parent=206"}],"curies":[{"name":"wp","href":"https:\/\/api.w.org\/{rel}","templated":true}]}}