{"id":204,"date":"2016-07-23T14:39:31","date_gmt":"2016-07-23T12:39:31","guid":{"rendered":"http:\/\/sandrinewillems.com\/?page_id=204"},"modified":"2017-06-06T11:03:38","modified_gmt":"2017-06-06T09:03:38","slug":"realisation-de-documentaires","status":"publish","type":"page","link":"http:\/\/sandrinewillems.com\/?page_id=204","title":{"rendered":"R\u00e9alisation de documentaires"},"content":{"rendered":"<ul style=\"list-style-type: none;\">\n<li><strong><em>Philippe Herreweghe, et le Verbe s\u2019est fait chant<\/em><\/strong>, 1999, 52 min, t\u00e9l\u00e9vision, coproduit par Arte, s\u00e9lectionn\u00e9 en comp\u00e9tition au FIPA \u00e0 Biarritz, \u00e9dit\u00e9 en DVD vid\u00e9o par Harmonia Mundi, 2006<\/li>\n<li><strong><em>Chants et Soupirs des Renaissants, selon Paul Van Nevel<\/em><\/strong>, 52\u00a0min, t\u00e9l\u00e9vision, 2001<\/li>\n<li><em><strong>D\u2019errance et de racines, portrait du lieu \u00e0 vivre M\u00e9diation<\/strong>, <\/em>40 min, en collaboration avec Marie-Fran\u00e7oise Plissart, 2014<\/li>\n<li><strong><em>Vers le rouge, un portrait de Jacques Lavigne<\/em><\/strong>, 17 min, en collaboration avec Marie-Fran\u00e7oise Plissart, 2015<\/li>\n<\/ul>\n<p><iframe loading=\"lazy\" src=\"https:\/\/www.youtube.com\/embed\/xLrOH9fxd7w\" width=\"560\" height=\"315\" frameborder=\"0\" allowfullscreen=\"allowfullscreen\"><\/iframe><\/p>\n<p><iframe loading=\"lazy\" src=\"https:\/\/www.youtube.com\/embed\/SkKyWcRMof4\" width=\"560\" height=\"315\" frameborder=\"0\" allowfullscreen=\"allowfullscreen\"><\/iframe><\/p>\n<p><iframe loading=\"lazy\" src=\"https:\/\/www.youtube.com\/embed\/wDhGMCndq1E\" width=\"560\" height=\"315\" frameborder=\"0\" allowfullscreen=\"allowfullscreen\"><\/iframe><\/p>\n<p><iframe loading=\"lazy\" src=\"https:\/\/www.youtube.com\/embed\/GiELjwvgP_A\" width=\"560\" height=\"315\" frameborder=\"0\" allowfullscreen=\"allowfullscreen\"><\/iframe><\/p>\n","protected":false},"excerpt":{"rendered":"<p>Philippe Herreweghe, et le Verbe s\u2019est fait chant, 1999, 52 min, t\u00e9l\u00e9vision, coproduit par Arte, s\u00e9lectionn\u00e9 en comp\u00e9tition au FIPA \u00e0 Biarritz, \u00e9dit\u00e9 en DVD vid\u00e9o par Harmonia Mundi, 2006 Chants et Soupirs des Renaissants, selon Paul Van Nevel, 52\u00a0min, t\u00e9l\u00e9vision, 2001 D\u2019errance et de racines, portrait du lieu \u00e0 vivre M\u00e9diation, 40 min, en &hellip; <a href=\"http:\/\/sandrinewillems.com\/?page_id=204\" class=\"more-link\">Continuer la lecture<span class=\"screen-reader-text\"> de &laquo;&nbsp;R\u00e9alisation de documentaires&nbsp;&raquo;<\/span><\/a><\/p>\n","protected":false},"author":1,"featured_media":0,"parent":2,"menu_order":0,"comment_status":"closed","ping_status":"closed","template":"","meta":[],"_links":{"self":[{"href":"http:\/\/sandrinewillems.com\/index.php?rest_route=\/wp\/v2\/pages\/204"}],"collection":[{"href":"http:\/\/sandrinewillems.com\/index.php?rest_route=\/wp\/v2\/pages"}],"about":[{"href":"http:\/\/sandrinewillems.com\/index.php?rest_route=\/wp\/v2\/types\/page"}],"author":[{"embeddable":true,"href":"http:\/\/sandrinewillems.com\/index.php?rest_route=\/wp\/v2\/users\/1"}],"replies":[{"embeddable":true,"href":"http:\/\/sandrinewillems.com\/index.php?rest_route=%2Fwp%2Fv2%2Fcomments&post=204"}],"version-history":[{"count":8,"href":"http:\/\/sandrinewillems.com\/index.php?rest_route=\/wp\/v2\/pages\/204\/revisions"}],"predecessor-version":[{"id":489,"href":"http:\/\/sandrinewillems.com\/index.php?rest_route=\/wp\/v2\/pages\/204\/revisions\/489"}],"up":[{"embeddable":true,"href":"http:\/\/sandrinewillems.com\/index.php?rest_route=\/wp\/v2\/pages\/2"}],"wp:attachment":[{"href":"http:\/\/sandrinewillems.com\/index.php?rest_route=%2Fwp%2Fv2%2Fmedia&parent=204"}],"curies":[{"name":"wp","href":"https:\/\/api.w.org\/{rel}","templated":true}]}}