{"id":1364,"date":"2023-09-14T16:56:01","date_gmt":"2023-09-14T14:56:01","guid":{"rendered":"http:\/\/sandrinewillems.com\/?page_id=1364"},"modified":"2023-09-20T16:57:34","modified_gmt":"2023-09-20T14:57:34","slug":"ecriture-et-psychotherapie-avec-des-personnes-souffrant-daddictions","status":"publish","type":"page","link":"http:\/\/sandrinewillems.com\/?page_id=1364","title":{"rendered":"Ecriture et psychoth\u00e9rapie avec des personnes souffrant d&rsquo;addictions"},"content":{"rendered":"\n<p>Dans leurs histoires, ce qu\u2019ils ont subi ils le reprennent sur un mode actif. Et \u00e0 partir de la m\u00eame ligne de faits, surgissent plusieurs possibilit\u00e9s de r\u00e9cits, divergents, voire contradictoires \u2013 pouvant sans cesse \u00eatre repris, et modifi\u00e9s. La fatalit\u00e9 se muant en choix, il devient possible de sortir de la r\u00e9p\u00e9tition, par la construction d\u2019un nouveau trajet. Et d\u2019\u00eatre pris dans une histoire, le pr\u00e9sent reprend consistance. \u00ab&nbsp;Il faudrait trouver le fil, dans le pass\u00e9, pour savoir o\u00f9 je veux aller&nbsp;\u00bb, me dit un jour H. Cependant le nouveau moi qui \u00e9merge d\u2019un pareil r\u00e9cit se r\u00e9v\u00e8le, dans une perspective rejoignant celle des bouddhistes, une pure fiction, ou ce qu\u2019en \u00e9pist\u00e9mologie on appelle une fiction \u00ab&nbsp;heuristique&nbsp;\u00bb \u2013 un \u00e9chafaudage n\u00e9cessaire \u00e0 de nouvelles constructions. Ce moi y rencontrant l\u2019infini de ses possibles, des personnages qu\u2019il aurait pu \u00eatre, et qu\u2019en un sens il est aussi, il devient, selon les mots de Ricoeur, \u00ab&nbsp;soi-m\u00eame comme un autre&nbsp;\u00bb&nbsp;: le petit moi se mue en soi polyphonique.<\/p>\n\n\n\n<p>\u00ab\u00a0Le style, c\u2019est l\u2019homme m\u00eame\u00a0\u00bb, disait Lacan citant Buffon \u2013 mais \u00e0 ceci il ajoutait\u00a0: \u00ab mais l\u2019homme \u00e0 qui l\u2019on s\u2019adresse\u00a0\u00bb. Or pour ceux qui viennent me voir, en g\u00e9n\u00e9ral tellement isol\u00e9s, c\u2019est bien, pour \u00e9crire, l\u2019adresse qui fait d\u00e9faut \u2013 et \u00e0 la place de laquelle, dans un premier temps, je me propose, afin de susciter cette fonction reliante de l\u2019\u00e9criture.<\/p>\n\n\n\n<p>(extrait de <em>Addictions et reliances,<\/em> Les Impressions Nouvelles, 2017)<\/p>\n\n\n\n<p><\/p>\n\n\n\n<p class=\"has-text-align-center\"><strong><a href=\"http:\/\/sandrinewillems.com\/?page_id=739\" data-type=\"page\" data-id=\"739\">Retour<\/a><\/strong><\/p>\n","protected":false},"excerpt":{"rendered":"<p>Dans leurs histoires, ce qu\u2019ils ont subi ils le reprennent sur un mode actif. Et \u00e0 partir de la m\u00eame ligne de faits, surgissent plusieurs possibilit\u00e9s de r\u00e9cits, divergents, voire contradictoires \u2013 pouvant sans cesse \u00eatre repris, et modifi\u00e9s. La fatalit\u00e9 se muant en choix, il devient possible de sortir de la r\u00e9p\u00e9tition, par la &hellip; <a href=\"http:\/\/sandrinewillems.com\/?page_id=1364\" class=\"more-link\">Continuer la lecture<span class=\"screen-reader-text\"> de &laquo;&nbsp;Ecriture et psychoth\u00e9rapie avec des personnes souffrant d&rsquo;addictions&nbsp;&raquo;<\/span><\/a><\/p>\n","protected":false},"author":1,"featured_media":0,"parent":0,"menu_order":0,"comment_status":"closed","ping_status":"closed","template":"","meta":[],"_links":{"self":[{"href":"http:\/\/sandrinewillems.com\/index.php?rest_route=\/wp\/v2\/pages\/1364"}],"collection":[{"href":"http:\/\/sandrinewillems.com\/index.php?rest_route=\/wp\/v2\/pages"}],"about":[{"href":"http:\/\/sandrinewillems.com\/index.php?rest_route=\/wp\/v2\/types\/page"}],"author":[{"embeddable":true,"href":"http:\/\/sandrinewillems.com\/index.php?rest_route=\/wp\/v2\/users\/1"}],"replies":[{"embeddable":true,"href":"http:\/\/sandrinewillems.com\/index.php?rest_route=%2Fwp%2Fv2%2Fcomments&post=1364"}],"version-history":[{"count":3,"href":"http:\/\/sandrinewillems.com\/index.php?rest_route=\/wp\/v2\/pages\/1364\/revisions"}],"predecessor-version":[{"id":1389,"href":"http:\/\/sandrinewillems.com\/index.php?rest_route=\/wp\/v2\/pages\/1364\/revisions\/1389"}],"wp:attachment":[{"href":"http:\/\/sandrinewillems.com\/index.php?rest_route=%2Fwp%2Fv2%2Fmedia&parent=1364"}],"curies":[{"name":"wp","href":"https:\/\/api.w.org\/{rel}","templated":true}]}}