{"id":1213,"date":"2023-07-27T15:04:25","date_gmt":"2023-07-27T13:04:25","guid":{"rendered":"http:\/\/sandrinewillems.com\/?page_id=1213"},"modified":"2023-07-27T15:04:25","modified_gmt":"2023-07-27T13:04:25","slug":"a-lespere-extrait","status":"publish","type":"page","link":"http:\/\/sandrinewillems.com\/?page_id=1213","title":{"rendered":"A l\u2019esp\u00e8re (extrait)"},"content":{"rendered":"\n<p><em>Que lui restait\u2011il \u00e0 faire, que s\u2019abandonner \u00e0 ce cheval, qui sans doute connaissait son chemin, \u00e0 cet homme, au destin \u2013 d\u00e8s qu\u2019elle l\u2019avait vu, n\u2019avait\u2011elle pas senti qu\u2019il \u00e9tait son destin, cet homme, et qu\u2019elle lui appartenait plus qu\u2019\u00e0 elle\u2011m\u00eame\u00a0; de sa vie, d\u00e9sormais, il ferait ce qu\u2019il voudrait \u2013 et dans cette cavalcade, \u00e0 travers bois, soudain elle vit ce qu\u2019avait \u00e9t\u00e9 sa vie, \u00e0 l\u2019esp\u00e8re et \u00e0 l\u2019arrach\u00e9e, pareille \u00e0 celle des b\u00eates, des proies, de toutes parts devant se battre, sans r\u00e9pit menac\u00e9es, jamais s\u00fbres de survivre \u2013 et dans cette vie, elle reconnut la seule qui pour elle f\u00fbt possible, la seule qui lui par\u00fbt la vie vraie \u2013 et avec toutes ses errances, ses peurs, sa souffrance, comme lorsqu\u2019elle tombait sur le corps de cet homme, elle se sentit r\u00e9concili\u00e9e. Songeant \u00e0 cet incendie, dans lequel elle faillit p\u00e9rir, elle se rappela que c\u2019\u00e9tait l\u00e0 qu\u2019elle avait d\u00e9couvert la paix.<\/em><\/p>\n\n\n\n<p class=\"has-text-align-center\"><strong><a href=\"http:\/\/sandrinewillems.com\/?page_id=33\" data-type=\"page\" data-id=\"33\">Retour<\/a><\/strong><\/p>\n","protected":false},"excerpt":{"rendered":"<p>Que lui restait\u2011il \u00e0 faire, que s\u2019abandonner \u00e0 ce cheval, qui sans doute connaissait son chemin, \u00e0 cet homme, au destin \u2013 d\u00e8s qu\u2019elle l\u2019avait vu, n\u2019avait\u2011elle pas senti qu\u2019il \u00e9tait son destin, cet homme, et qu\u2019elle lui appartenait plus qu\u2019\u00e0 elle\u2011m\u00eame\u00a0; de sa vie, d\u00e9sormais, il ferait ce qu\u2019il voudrait \u2013 et dans cette &hellip; <a href=\"http:\/\/sandrinewillems.com\/?page_id=1213\" class=\"more-link\">Continuer la lecture<span class=\"screen-reader-text\"> de &laquo;&nbsp;A l\u2019esp\u00e8re (extrait)&nbsp;&raquo;<\/span><\/a><\/p>\n","protected":false},"author":1,"featured_media":0,"parent":0,"menu_order":0,"comment_status":"closed","ping_status":"closed","template":"","meta":[],"_links":{"self":[{"href":"http:\/\/sandrinewillems.com\/index.php?rest_route=\/wp\/v2\/pages\/1213"}],"collection":[{"href":"http:\/\/sandrinewillems.com\/index.php?rest_route=\/wp\/v2\/pages"}],"about":[{"href":"http:\/\/sandrinewillems.com\/index.php?rest_route=\/wp\/v2\/types\/page"}],"author":[{"embeddable":true,"href":"http:\/\/sandrinewillems.com\/index.php?rest_route=\/wp\/v2\/users\/1"}],"replies":[{"embeddable":true,"href":"http:\/\/sandrinewillems.com\/index.php?rest_route=%2Fwp%2Fv2%2Fcomments&post=1213"}],"version-history":[{"count":1,"href":"http:\/\/sandrinewillems.com\/index.php?rest_route=\/wp\/v2\/pages\/1213\/revisions"}],"predecessor-version":[{"id":1215,"href":"http:\/\/sandrinewillems.com\/index.php?rest_route=\/wp\/v2\/pages\/1213\/revisions\/1215"}],"wp:attachment":[{"href":"http:\/\/sandrinewillems.com\/index.php?rest_route=%2Fwp%2Fv2%2Fmedia&parent=1213"}],"curies":[{"name":"wp","href":"https:\/\/api.w.org\/{rel}","templated":true}]}}