{"id":1208,"date":"2023-07-27T15:00:03","date_gmt":"2023-07-27T13:00:03","guid":{"rendered":"http:\/\/sandrinewillems.com\/?page_id=1208"},"modified":"2023-07-27T15:00:04","modified_gmt":"2023-07-27T13:00:04","slug":"elegie-a-michel-ange-extrait","status":"publish","type":"page","link":"http:\/\/sandrinewillems.com\/?page_id=1208","title":{"rendered":"\u00c9l\u00e9gie \u00e0 Michel-Ange (extrait)"},"content":{"rendered":"\n<p><em>La pierre je ne l\u2019ai que trop travaill\u00e9e \u2013 quand mon \u00e2me, elle, est rest\u00e9e en friche&nbsp;; or,<\/em><\/p>\n\n\n\n<p><em>Il n\u2019est de pire perte que celle du temps&nbsp;;<br>Si pr\u00e8s de la mort, et si loin de Dieu,<br>Ni peindre ni sculpter ne peuvent plus m\u2019apaiser.<\/em><\/p>\n\n\n\n<p><em>Du temps, d\u2019ailleurs, me serait\u2011il encore accord\u00e9, que je le passerais \u00e0 reproduire mes erreurs. N\u2019ai\u2011je pas toujours \u00e9t\u00e9 pierre qui roule sans amasser de mousse, regardez donc, mon Dieu, comme mes mains sont vides \u2013 mais peut\u2011on prier les mains pleines, et doit-on avec Vous s\u2019encombrer de gants\u00a0? D\u2019avoir tellement sculpt\u00e9, moi j\u2019ai les mains trou\u00e9es, assur\u00e9ment, mais qui pourrait mieux Vous toucher qu\u2019un crucifi\u00e9, mes statues sans doute n\u2019\u00e9tant que stations sur un chemin de croix\u00a0; certes je les envie, ceux qui se vouent \u00e0 \u0153uvres plus obscures, et prennent sur eux la souffrance du monde, certes j\u2019aurais r\u00eav\u00e9 de devenir un saint \u2013 mais ce ne fut pas ma part, moi je fus mis \u00e0 la tra\u00eene des anges, or si les saints sont faits pour servir, les anges ne savent que chanter \u2013 mes chants \u00e0 moi, bien s\u00fbr, ne furent que de pierre, mais si l\u2019un d\u2019eux a jamais pu Vous plaire, mon Dieu, je n\u2019aurai pas v\u00e9cu compl\u00e8tement en vain.<\/em><\/p>\n\n\n\n<p class=\"has-text-align-center\"><strong><a href=\"http:\/\/sandrinewillems.com\/?page_id=30\" data-type=\"page\" data-id=\"30\">Retour<\/a><\/strong><\/p>\n","protected":false},"excerpt":{"rendered":"<p>La pierre je ne l\u2019ai que trop travaill\u00e9e \u2013 quand mon \u00e2me, elle, est rest\u00e9e en friche&nbsp;; or, Il n\u2019est de pire perte que celle du temps&nbsp;;Si pr\u00e8s de la mort, et si loin de Dieu,Ni peindre ni sculpter ne peuvent plus m\u2019apaiser. Du temps, d\u2019ailleurs, me serait\u2011il encore accord\u00e9, que je le passerais \u00e0 &hellip; <a href=\"http:\/\/sandrinewillems.com\/?page_id=1208\" class=\"more-link\">Continuer la lecture<span class=\"screen-reader-text\"> de &laquo;&nbsp;\u00c9l\u00e9gie \u00e0 Michel-Ange (extrait)&nbsp;&raquo;<\/span><\/a><\/p>\n","protected":false},"author":1,"featured_media":0,"parent":0,"menu_order":0,"comment_status":"closed","ping_status":"closed","template":"","meta":[],"_links":{"self":[{"href":"http:\/\/sandrinewillems.com\/index.php?rest_route=\/wp\/v2\/pages\/1208"}],"collection":[{"href":"http:\/\/sandrinewillems.com\/index.php?rest_route=\/wp\/v2\/pages"}],"about":[{"href":"http:\/\/sandrinewillems.com\/index.php?rest_route=\/wp\/v2\/types\/page"}],"author":[{"embeddable":true,"href":"http:\/\/sandrinewillems.com\/index.php?rest_route=\/wp\/v2\/users\/1"}],"replies":[{"embeddable":true,"href":"http:\/\/sandrinewillems.com\/index.php?rest_route=%2Fwp%2Fv2%2Fcomments&post=1208"}],"version-history":[{"count":1,"href":"http:\/\/sandrinewillems.com\/index.php?rest_route=\/wp\/v2\/pages\/1208\/revisions"}],"predecessor-version":[{"id":1210,"href":"http:\/\/sandrinewillems.com\/index.php?rest_route=\/wp\/v2\/pages\/1208\/revisions\/1210"}],"wp:attachment":[{"href":"http:\/\/sandrinewillems.com\/index.php?rest_route=%2Fwp%2Fv2%2Fmedia&parent=1208"}],"curies":[{"name":"wp","href":"https:\/\/api.w.org\/{rel}","templated":true}]}}