{"id":1203,"date":"2023-07-27T14:56:42","date_gmt":"2023-07-27T12:56:42","guid":{"rendered":"http:\/\/sandrinewillems.com\/?page_id=1203"},"modified":"2023-07-27T14:56:43","modified_gmt":"2023-07-27T12:56:43","slug":"le-sourire-de-berenice-extrait","status":"publish","type":"page","link":"http:\/\/sandrinewillems.com\/?page_id=1203","title":{"rendered":"Le sourire de B\u00e9r\u00e9nice (extrait)"},"content":{"rendered":"\n<p><em>Et puis il faudra faire deuil, de chaque souvenir, ne pas tomber en pleurs \u00e0 chaque relent de bonheur, apprivoiser, pas \u00e0 pas, ma m\u00e9moire, revisiter tant\u00f4t le port d\u2019Alexandrie, tant\u00f4t les rives du Nil, m\u2019aventurer jusqu\u2019\u00e0 notre \u00eele, o\u00f9 il ne m\u2019a pas \u00e9pous\u00e9e \u2013 mais tu vois, B\u00e9r\u00e9nice, tu vas trop vite, avant m\u00eame d\u2019atteindre le Nil tu vas te noyer dans tes larmes, il te faut faire comme Isis, r\u00e9colter les morceaux, un \u00e0 un, du cadavre de ton amour, et \u00e0 chacun \u00e9lever un tombeau, un hymne de parfums, de myrrhe, de r\u00e9sine, de cardamome, et surtout de patience, cette fragile plante qui d\u00e9p\u00e9rit si c\u2019est de larmes qu\u2019on l\u2019arrose, il te faut l\u2019embaumer, ton amour, lui restituer ses odeurs et le rendre \u00e9ternel, et dans ses baumes gu\u00e9rir tes propres plaies, il te faut, comme cette veuve que tu vis \u00e0 Memphis, pench\u00e9e sur la chair verd\u00e2tre de son \u00e9poux et la couvrant de fleurs, il te faut revoir sous l\u2019horreur la beaut\u00e9.<\/em><\/p>\n\n\n\n<p class=\"has-text-align-center\"><strong><a href=\"http:\/\/sandrinewillems.com\/?page_id=27\" data-type=\"page\" data-id=\"27\">Retour<\/a><\/strong><\/p>\n","protected":false},"excerpt":{"rendered":"<p>Et puis il faudra faire deuil, de chaque souvenir, ne pas tomber en pleurs \u00e0 chaque relent de bonheur, apprivoiser, pas \u00e0 pas, ma m\u00e9moire, revisiter tant\u00f4t le port d\u2019Alexandrie, tant\u00f4t les rives du Nil, m\u2019aventurer jusqu\u2019\u00e0 notre \u00eele, o\u00f9 il ne m\u2019a pas \u00e9pous\u00e9e \u2013 mais tu vois, B\u00e9r\u00e9nice, tu vas trop vite, avant &hellip; <a href=\"http:\/\/sandrinewillems.com\/?page_id=1203\" class=\"more-link\">Continuer la lecture<span class=\"screen-reader-text\"> de &laquo;&nbsp;Le sourire de B\u00e9r\u00e9nice (extrait)&nbsp;&raquo;<\/span><\/a><\/p>\n","protected":false},"author":1,"featured_media":0,"parent":0,"menu_order":0,"comment_status":"closed","ping_status":"closed","template":"","meta":[],"_links":{"self":[{"href":"http:\/\/sandrinewillems.com\/index.php?rest_route=\/wp\/v2\/pages\/1203"}],"collection":[{"href":"http:\/\/sandrinewillems.com\/index.php?rest_route=\/wp\/v2\/pages"}],"about":[{"href":"http:\/\/sandrinewillems.com\/index.php?rest_route=\/wp\/v2\/types\/page"}],"author":[{"embeddable":true,"href":"http:\/\/sandrinewillems.com\/index.php?rest_route=\/wp\/v2\/users\/1"}],"replies":[{"embeddable":true,"href":"http:\/\/sandrinewillems.com\/index.php?rest_route=%2Fwp%2Fv2%2Fcomments&post=1203"}],"version-history":[{"count":1,"href":"http:\/\/sandrinewillems.com\/index.php?rest_route=\/wp\/v2\/pages\/1203\/revisions"}],"predecessor-version":[{"id":1205,"href":"http:\/\/sandrinewillems.com\/index.php?rest_route=\/wp\/v2\/pages\/1203\/revisions\/1205"}],"wp:attachment":[{"href":"http:\/\/sandrinewillems.com\/index.php?rest_route=%2Fwp%2Fv2%2Fmedia&parent=1203"}],"curies":[{"name":"wp","href":"https:\/\/api.w.org\/{rel}","templated":true}]}}