{"id":1191,"date":"2023-07-27T14:48:33","date_gmt":"2023-07-27T12:48:33","guid":{"rendered":"https:\/\/sandrinewillems.com\/?page_id=1191"},"modified":"2023-07-27T14:50:47","modified_gmt":"2023-07-27T12:50:47","slug":"une-voce-pocco-fa-extrait","status":"publish","type":"page","link":"http:\/\/sandrinewillems.com\/?page_id=1191","title":{"rendered":"Una voce pocco fa (extrait)"},"content":{"rendered":"\n<p><em>Je rentrai en sc\u00e8ne. Je repris le dernier de mes airs. Un Bellini, bien s\u00fbr. Comme pour tendre la main au plus cher. Pour qu\u2019il la prenne cette main, et me la serre, et me rassure, et m\u2019aide \u00e0 franchir le pas. Pour que mourir soit le rejoindre.<\/em><\/p>\n\n\n\n<p><em>Je ne sais pas comment je pus encore chanter. On ne sait jamais jusqu\u2019o\u00f9 on peut aller. Il para\u00eet que cela fut tr\u00e8s beau, impossiblement beau. Il n\u2019y a que l\u2019impossible qui soit parfaitement beau. Tout ce que je sais, c\u2019est qu\u2019\u00e0 peine dans les coulisses, je m\u2019effondrai. Le lendemain j\u2019\u00e9tais morte.<\/em><\/p>\n\n\n\n<p><em>Ne me demande pas de te parler de cela. De tout ce qu\u2019il y a autour, et des autres, je veux bien. Mais pas de moi, pas de ce trou immense qui se fit en moi.<\/em><\/p>\n\n\n\n<p class=\"has-text-align-center\"><strong><a href=\"https:\/\/sandrinewillems.com\/?page_id=412\" data-type=\"page\" data-id=\"412\">Retour<\/a><\/strong><\/p>\n","protected":false},"excerpt":{"rendered":"<p>Je rentrai en sc\u00e8ne. Je repris le dernier de mes airs. Un Bellini, bien s\u00fbr. Comme pour tendre la main au plus cher. Pour qu\u2019il la prenne cette main, et me la serre, et me rassure, et m\u2019aide \u00e0 franchir le pas. Pour que mourir soit le rejoindre. Je ne sais pas comment je pus &hellip; <a href=\"http:\/\/sandrinewillems.com\/?page_id=1191\" class=\"more-link\">Continuer la lecture<span class=\"screen-reader-text\"> de &laquo;&nbsp;Una voce pocco fa (extrait)&nbsp;&raquo;<\/span><\/a><\/p>\n","protected":false},"author":1,"featured_media":0,"parent":0,"menu_order":0,"comment_status":"closed","ping_status":"closed","template":"","meta":[],"_links":{"self":[{"href":"http:\/\/sandrinewillems.com\/index.php?rest_route=\/wp\/v2\/pages\/1191"}],"collection":[{"href":"http:\/\/sandrinewillems.com\/index.php?rest_route=\/wp\/v2\/pages"}],"about":[{"href":"http:\/\/sandrinewillems.com\/index.php?rest_route=\/wp\/v2\/types\/page"}],"author":[{"embeddable":true,"href":"http:\/\/sandrinewillems.com\/index.php?rest_route=\/wp\/v2\/users\/1"}],"replies":[{"embeddable":true,"href":"http:\/\/sandrinewillems.com\/index.php?rest_route=%2Fwp%2Fv2%2Fcomments&post=1191"}],"version-history":[{"count":2,"href":"http:\/\/sandrinewillems.com\/index.php?rest_route=\/wp\/v2\/pages\/1191\/revisions"}],"predecessor-version":[{"id":1195,"href":"http:\/\/sandrinewillems.com\/index.php?rest_route=\/wp\/v2\/pages\/1191\/revisions\/1195"}],"wp:attachment":[{"href":"http:\/\/sandrinewillems.com\/index.php?rest_route=%2Fwp%2Fv2%2Fmedia&parent=1191"}],"curies":[{"name":"wp","href":"https:\/\/api.w.org\/{rel}","templated":true}]}}