{"id":1099,"date":"2023-07-21T10:42:37","date_gmt":"2023-07-21T08:42:37","guid":{"rendered":"http:\/\/sandrinewillems.com\/?page_id=1099"},"modified":"2023-09-14T16:16:41","modified_gmt":"2023-09-14T14:16:41","slug":"la-parole-comme-voie-spirituelle-extrait","status":"publish","type":"page","link":"http:\/\/sandrinewillems.com\/?page_id=1099","title":{"rendered":"La parole comme voie spirituelle (extrait)"},"content":{"rendered":"\n<p>De fait, selon la perspective indienne, ce que propage la r\u00e9sonance, c\u2019est le ravissement, le <em>rasa <\/em>\u2013 si \u00e9troitement li\u00e9 \u00e0 elle qu\u2019il en devient parfois synonyme. Le rasa, c\u2019est l\u2019enchantement, mais aussi le suc, la s\u00e8ve, le jus du fruit qui se r\u00e9pand dans la bouche&nbsp;; c\u2019est le go\u00fbt, la saveur \u2013 et comme le plus sensuel, en Inde, ne se dissocie pas du plus spirituel, c\u2019est aussi la saveur esth\u00e9tique et mystique. Dans le tantrisme, toute jouissance sensorielle, f\u00fbt-ce la plus \u00e9l\u00e9mentaire, comme boire ou manger, la plus infime, comme respirer un parfum, peut aboutir \u00e0 la b\u00e9atitude o\u00f9 c\u2019est l\u2019absolu qu\u2019on savoure \u2013 ananda. Et en celui qui se d\u00e9lecte de musique, \u00ab&nbsp;les pr\u00e9occupations touchant \u00e0 ce qui est bon ou mauvais sont oubli\u00e9es&nbsp;\u00bb : \u00e0 nouveau l\u2019esth\u00e9tique suppose le d\u00e9passement de l\u2019\u00e9thique.<\/p>\n\n\n\n<p>Le rasa c\u2019est l\u2019essentiel, ou l\u2019essence. L\u2019alchimie, qui transforme les essences, s\u2019appelle en sanskrit le <em>rasyana<\/em>, l\u2019art du rasa, et le rasa par excellence y est le vif-argent mercuriel. Du reste le rasa c\u2019est ce qui coule, fluide, comme la musique, ce qui d\u00e9borde du c\u0153ur du musicien vers celui qui l\u2019\u00e9coute, faisant fondre par sa beaut\u00e9 ce qui en nos c\u0153urs a durci, nos \u00ab&nbsp;cuirasses&nbsp;\u00bb int\u00e9rieures dit Abhinavagupa. Le rasa c\u2019est ce qui fait sortir de soi, en cela pareil \u00e0 l\u2019extase amoureuse. Il n\u2019existe que par la relation, surgit entre la musique et son interpr\u00e8te, entre celui-ci et son auditeur. Si le yoga, m\u00eame lorsqu\u2019on est avec d\u2019autres, se pratique seul, le rasa ne peut que circuler entre les \u00eatres. Et en sortant d\u2019eux-m\u00eames, par lui ils atteignent l\u2019absolu.<\/p>\n\n\n\n<p><\/p>\n\n\n\n<p class=\"has-text-align-center\"><strong><a href=\"http:\/\/sandrinewillems.com\/?page_id=1024\" data-type=\"page\" data-id=\"1024\">Retour<\/a><\/strong><\/p>\n","protected":false},"excerpt":{"rendered":"<p>De fait, selon la perspective indienne, ce que propage la r\u00e9sonance, c\u2019est le ravissement, le rasa \u2013 si \u00e9troitement li\u00e9 \u00e0 elle qu\u2019il en devient parfois synonyme. Le rasa, c\u2019est l\u2019enchantement, mais aussi le suc, la s\u00e8ve, le jus du fruit qui se r\u00e9pand dans la bouche&nbsp;; c\u2019est le go\u00fbt, la saveur \u2013 et comme &hellip; <a href=\"http:\/\/sandrinewillems.com\/?page_id=1099\" class=\"more-link\">Continuer la lecture<span class=\"screen-reader-text\"> de &laquo;&nbsp;La parole comme voie spirituelle (extrait)&nbsp;&raquo;<\/span><\/a><\/p>\n","protected":false},"author":1,"featured_media":0,"parent":0,"menu_order":0,"comment_status":"closed","ping_status":"closed","template":"","meta":[],"_links":{"self":[{"href":"http:\/\/sandrinewillems.com\/index.php?rest_route=\/wp\/v2\/pages\/1099"}],"collection":[{"href":"http:\/\/sandrinewillems.com\/index.php?rest_route=\/wp\/v2\/pages"}],"about":[{"href":"http:\/\/sandrinewillems.com\/index.php?rest_route=\/wp\/v2\/types\/page"}],"author":[{"embeddable":true,"href":"http:\/\/sandrinewillems.com\/index.php?rest_route=\/wp\/v2\/users\/1"}],"replies":[{"embeddable":true,"href":"http:\/\/sandrinewillems.com\/index.php?rest_route=%2Fwp%2Fv2%2Fcomments&post=1099"}],"version-history":[{"count":2,"href":"http:\/\/sandrinewillems.com\/index.php?rest_route=\/wp\/v2\/pages\/1099\/revisions"}],"predecessor-version":[{"id":1342,"href":"http:\/\/sandrinewillems.com\/index.php?rest_route=\/wp\/v2\/pages\/1099\/revisions\/1342"}],"wp:attachment":[{"href":"http:\/\/sandrinewillems.com\/index.php?rest_route=%2Fwp%2Fv2%2Fmedia&parent=1099"}],"curies":[{"name":"wp","href":"https:\/\/api.w.org\/{rel}","templated":true}]}}