{"id":1091,"date":"2023-07-21T10:36:02","date_gmt":"2023-07-21T08:36:02","guid":{"rendered":"http:\/\/sandrinewillems.com\/?page_id=1091"},"modified":"2023-07-21T10:36:03","modified_gmt":"2023-07-21T08:36:03","slug":"au-coeur-des-hommes-extrait","status":"publish","type":"page","link":"http:\/\/sandrinewillems.com\/?page_id=1091","title":{"rendered":"Au c\u0153ur des hommes (extrait)"},"content":{"rendered":"\n<p>\u00ab Je me sens masculin, au sens d\u2019une ad\u00e9quation \u00e0 mon corps, mais parfois j\u2019ai envie d\u2019\u00eatre une femme. J\u2019ai l\u2019impression de ne pas coller \u00e0 ce r\u00f4le d\u2019homme, je n\u2019ai pas envie de \u00e7a, d\u2019\u00eatre du c\u00f4t\u00e9 de la force, de celui qui doit porter la femme, de celui qui doit fermer sa gueule. J\u2019ai l\u2019impression que je n\u2019ai pas assez de confiance pour \u00e7a, et j\u2019ai envie qu\u2019on me prot\u00e8ge aussi. \u00bb<\/p>\n\n\n\n<p><\/p>\n\n\n\n<p class=\"has-text-align-center\"><strong><a href=\"http:\/\/sandrinewillems.com\/?page_id=1032\" data-type=\"page\" data-id=\"1032\">Retour<\/a><\/strong><\/p>\n","protected":false},"excerpt":{"rendered":"<p>\u00ab Je me sens masculin, au sens d\u2019une ad\u00e9quation \u00e0 mon corps, mais parfois j\u2019ai envie d\u2019\u00eatre une femme. J\u2019ai l\u2019impression de ne pas coller \u00e0 ce r\u00f4le d\u2019homme, je n\u2019ai pas envie de \u00e7a, d\u2019\u00eatre du c\u00f4t\u00e9 de la force, de celui qui doit porter la femme, de celui qui doit fermer sa gueule. &hellip; <a href=\"http:\/\/sandrinewillems.com\/?page_id=1091\" class=\"more-link\">Continuer la lecture<span class=\"screen-reader-text\"> de &laquo;&nbsp;Au c\u0153ur des hommes (extrait)&nbsp;&raquo;<\/span><\/a><\/p>\n","protected":false},"author":1,"featured_media":0,"parent":0,"menu_order":0,"comment_status":"closed","ping_status":"closed","template":"","meta":[],"_links":{"self":[{"href":"http:\/\/sandrinewillems.com\/index.php?rest_route=\/wp\/v2\/pages\/1091"}],"collection":[{"href":"http:\/\/sandrinewillems.com\/index.php?rest_route=\/wp\/v2\/pages"}],"about":[{"href":"http:\/\/sandrinewillems.com\/index.php?rest_route=\/wp\/v2\/types\/page"}],"author":[{"embeddable":true,"href":"http:\/\/sandrinewillems.com\/index.php?rest_route=\/wp\/v2\/users\/1"}],"replies":[{"embeddable":true,"href":"http:\/\/sandrinewillems.com\/index.php?rest_route=%2Fwp%2Fv2%2Fcomments&post=1091"}],"version-history":[{"count":1,"href":"http:\/\/sandrinewillems.com\/index.php?rest_route=\/wp\/v2\/pages\/1091\/revisions"}],"predecessor-version":[{"id":1093,"href":"http:\/\/sandrinewillems.com\/index.php?rest_route=\/wp\/v2\/pages\/1091\/revisions\/1093"}],"wp:attachment":[{"href":"http:\/\/sandrinewillems.com\/index.php?rest_route=%2Fwp%2Fv2%2Fmedia&parent=1091"}],"curies":[{"name":"wp","href":"https:\/\/api.w.org\/{rel}","templated":true}]}}